{"id":168,"date":"2017-09-04T19:59:49","date_gmt":"2017-09-04T18:59:49","guid":{"rendered":"http:\/\/csaints.zrc-sazu.si\/?page_id=168"},"modified":"2017-09-07T14:09:36","modified_gmt":"2017-09-07T12:09:36","slug":"events","status":"publish","type":"page","link":"https:\/\/cultural-saints.zrc-sazu.si\/en\/events\/","title":{"rendered":"Events"},"content":{"rendered":"<h4><em>A. <a href=\"http:\/\/csaints.zrc-sazu.si\/wp-content\/uploads\/2017\/09\/Kulturni_svetniki_in_kanonizacija_Ljubljana_2015_BROSURA.pdf\">Kulturni svetniki in kanonizacija: slovenski in evropski kontekst<\/a><\/em><\/h4>\n<p><em>[Cultural Saints and Canonization: Slovenian and European Context]<br \/>\n<\/em>Ljubljana, May 14\u201315, 2015; Slovenian conference (22 participants, organized by ZRC SAZU)<\/p>\n<ul>\n<li>Marijan Dovi\u0107: <em>O kulturnih svetnikih in kanonizaciji (uvod)<\/em><\/li>\n<li>Miran \u0160peli\u010d: <em>Kanonizacijski postopki v Cerkvi v preteklosti in danes<\/em><\/li>\n<li>David Movrin: <em>Evropska hagiografija med Bogom in narodom<\/em><\/li>\n<li>Marko Marin\u010di\u010d: <em>Pesni\u0161ka samoposvetitev in <\/em>translatio imperii<em>: Vergilij, Petrarka, Pre\u0161eren<\/em><\/li>\n<li>Marko Juvan:<em> Svetovljenje Pre\u0161erna <\/em><\/li>\n<li>Alenka Koron: <em>\u017divljenjepisne prakse v kanonizacijskem procesu: vzorci legende v Pre\u0161ernovih biografijah<\/em><\/li>\n<li>Andra\u017e Je\u017e: <em>Slovenska recepcija Stanka Vraza in njena naddolo\u010denost s Pre\u0161ernovim kulturnim svetni\u0161tvom<\/em><\/li>\n<li>Martina O\u017ebot:<em> \u00bbLa questione della lingua\u00ab in kanonizacija nekaterih italijanskih klasikov<\/em><\/li>\n<li>Irena Samide:<em> Evropski kulturni svetnik Friedrich Schiller in njegova kanonizacija na Slovenskem<\/em><\/li>\n<li>Miha Javornik: <em>Od ideologije do ideologije ob biografiji A. S. Pu\u0161kina<\/em><\/li>\n<li>Ur\u0161ka Pereni\u010d: <em>Knji\u017eevniki v poimenovanjih ulic v o\u017ejem sredi\u0161\u010du slovenskega glavnega mesta: Prostorska analiza z GPSV in Google Earth<\/em><\/li>\n<li>Mira Miladinovi\u0107 Zalaznik:<em> Kako se je razvijal uporni kranjski grof Anton Auersperg, nem\u0161ki pesnik Anastazij Gr\u00fcn, in kak\u0161en vpliv je to imelo na na\u0161o podobo o njem? <\/em><\/li>\n<li>Monika De\u017eelak Trojar:<em> Kanonizacija<\/em><em> A. M. Slom\u0161ka v verskem in kulturnem kontekstu<\/em><\/li>\n<li>Bo\u017eidar Jezernik:<em> \u00bbO\u010de slovenskega naroda\u00ab <\/em><\/li>\n<li>Luka Vidmar:<em> Ple\u010dnik in Gaud\u00ed: (Kulturna) svetnika?<\/em><\/li>\n<li>Marina Protrka \u0160timec (Zagreb): <em>Komemorativne sve\u010danosti i proizvodnja nacionalnih klasika: Primjeri iz hrvatske knji\u017eevnosti 19. st.<\/em><\/li>\n<li>Marija \u0160arovi\u0107 (Beograd):<em> Kulturne ikone u Srbiji XIX veka<\/em><\/li>\n<li>Bojan Baskar: <em>Njego\u0161 med dvema svetni\u0161tvoma: Slavljenje nacionalnega pesnika in vladarja ob dvestoti obletnici njegovega rojstva<\/em><\/li>\n<li>Jola \u0160kulj:<em> Vloga nacionalnega, kozmopolitizem in kanonizacija<\/em><\/li>\n<li>Nikolai Jeffs: <em>Britanska rekanonizacija in nigerijska dekanonizacija afri\u0161ke literature: Chinua Achebe, roman in biafrska vojna<\/em><\/li>\n<li>Klemen Senica:<em> Znova odkriti Nakajima Atsushi: V iskanju prvega postkolonialnega avtorja<\/em><\/li>\n<li>Jernej Habjan: <em>V \u010dem je kulturni svetnik kulturen? Svetnik in poet med \u017eivljenjem in delom<\/em><\/li>\n<\/ul>\n<h4><em>B. <a href=\"http:\/\/csaints.zrc-sazu.si\/wp-content\/uploads\/2017\/09\/REELC_Dublin-2015_Program_and_Abstracts-FINAL.pdf\">The Romantic (Be)Longing and National Poets: Imagining a Nation in European 19th-Century Literatures<br \/>\n<\/a><\/em><\/h4>\n<p><em>Dublin and Galway, August 24\u201328, 2015; thematic panel at the 6. REELC\/ENCLS congress (11 participants, organized by ZRC SAZU and REELC\/ENCLS)<br \/>\n<\/em><\/p>\n<ul>\n<li>Marijan Dovi\u0107: <em>The Romantic (Be)Longing and National Poets: Introduction<\/em><\/li>\n<li>Marko Juvan: <em>The Aesthetics and Politics of Belonging: Pre\u0161eren between Nationalism and Cosmopolitanism<\/em><\/li>\n<li>C\u00e9sar Dom\u00ednguez: <em>Rosal\u00eda de Castro\u2019s <\/em>Familienroman. <em>Autobiography in <\/em>La hija del mar<\/li>\n<li>Manus O\u2019Dwyer: <em>The Poetics of (Non)Belonging: Jos\u00e9 \u00c1ngel Valente<\/em><\/li>\n<li>Jola \u0160kulj: <em>Longing for the Self, Longing for the Other and Canonization<\/em><\/li>\n<li>S\u00e1ndor Hites: <em>\u201cLet Us Bless the Cradle that Rocked Him Hungarian\u201d: The Making of Pet\u0151fi as a National Poet<\/em><\/li>\n<li>Carmen Popescu: <em>Belonging to Several Traditions: National Heritage and Foreign Influences in Romanian Poetic Modernism<\/em><\/li>\n<li>Dimitar Kambourov: <em>Hristo Botev: The Ekstasis of Non-Belonging<\/em><\/li>\n<li>Ur\u0161ka Pereni\u010d: <em>Streets Named After National Poets and Writers in Major European Cities <\/em><\/li>\n<li>Katre Talviste: <em>When the Nation Wasn\u2019t Looking: 19th-Century Estonian Poets\u2019 Vision of Their People and Their Mission in Private Documents<\/em><\/li>\n<li>Arne Merilai: <em>Longing for Independence in 19th-Century Estonian Literature<\/em><\/li>\n<\/ul>\n<figure id=\"attachment_153\" aria-describedby=\"caption-attachment-153\" style=\"width: 300px\" class=\"wp-caption aligncenter\"><a href=\"http:\/\/csaints.zrc-sazu.si\/wp-content\/uploads\/2017\/09\/Dublin.jpg\"><img loading=\"lazy\" decoding=\"async\" class=\"wp-image-153 size-medium\" src=\"http:\/\/csaints.zrc-sazu.si\/wp-content\/uploads\/2017\/09\/Dublin-300x180.jpg\" alt=\"\" width=\"300\" height=\"180\" srcset=\"https:\/\/cultural-saints.zrc-sazu.si\/wp-content\/uploads\/2017\/09\/Dublin-300x180.jpg 300w, https:\/\/cultural-saints.zrc-sazu.si\/wp-content\/uploads\/2017\/09\/Dublin-768x460.jpg 768w, https:\/\/cultural-saints.zrc-sazu.si\/wp-content\/uploads\/2017\/09\/Dublin-1024x613.jpg 1024w, https:\/\/cultural-saints.zrc-sazu.si\/wp-content\/uploads\/2017\/09\/Dublin-2000x1200.jpg 2000w\" sizes=\"auto, (max-width: 300px) 100vw, 300px\" \/><\/a><figcaption id=\"caption-attachment-153\" class=\"wp-caption-text\">Marijan Dovi\u0107, Ur\u0161ka Pereni\u010d, Marko Juvan, and Narvika Bovcon at the courtyard of the NUI in Galway<\/figcaption><\/figure>\n<h4><em>C. <a href=\"http:\/\/csaints.zrc-sazu.si\/wp-content\/uploads\/2017\/09\/Canonization_of_Cultural_Saints_Amsterdam_2015_PROGRAMME.pdf\">Canonization of Cultural Saints: Commemorative Cults of Artists and Nation-Building in Europe<\/a><\/em><\/h4>\n<p><em>Amsterdam, October 28\u201330, 2015; international conference (20 participants, organized by ZRC SAZU and University of Amsterdam)<br \/>\n<\/em><\/p>\n<ul>\n<li>Joep Leerssen (keynote): <em>Canonicity and Veneration: Secular Religion and National-Cultural Hero-Worship\u00a0 <\/em><\/li>\n<li>Marijan Dovi\u0107 (keynote): <em>Canonizing Cultural Saints: A Model<\/em><\/li>\n<li>Christian Noack: <em>The \u2019Plagues of Egypt\u2019, or: the Riddles of the Shevchenko Cult<\/em><\/li>\n<li>Bela Tsipuria: <em>Ilia Chavchavadze: Georgia\u2019s Cultural Saint and the Saint of Georgian Orthodox Church <\/em><\/li>\n<li>Bojan Baskar: <em>Re-Canonization of Njego\u0161 as the Montenegrin Poet <\/em><\/li>\n<li>Andrei Terian: <em>Prophet, Martyr, Saint: Mihai Eminescu\u2019s Lateral Canonization<\/em><\/li>\n<li>Roman Koropeckyj: <em>Taming a Romantic: The Canonization of Adam Mickiewicz<\/em><\/li>\n<li>Levente Szabo: <em>From Cultural Saints to Literary Celebrities. The Cult of Ferenc Kazinczy and the Rising Market of Hungarian Cultural Sainthood in the Middle of the Nineteenth Century<\/em><\/li>\n<li>David Fishelov: <em>H. N. Bialik the Prophet and the Modern Hebrew Canon<\/em><\/li>\n<li>Andra\u017e Je\u017e: <em>Cultural Saints, Alternatives, and Negatives. <\/em><em>Pre\u0161eren vs. Vodnik, Koseski, and Vraz <\/em><\/li>\n<li>Alenka Koron: <em>Patterns of Hagiography in Biographies of France Pre\u0161eren <\/em><\/li>\n<li>J\u00f3n Karl Helgason: <em>Modern Postulators of J\u00f3nas Hallgr\u00edmsson\u2019s Cultural Memory <\/em><\/li>\n<li>Simon Halink: <em>A Story of Many Snorris: The Canonization of Snorri Sturluson in Iceland, Norway and Denmark<\/em><\/li>\n<li>Andreas Stynen: \u201c<em>Altars of the Flemish movement\u201d<\/em><em>: Tombstones and Rituals of Nation-Building<\/em><\/li>\n<li>Irena Samide: <em>The Role of Educational Apparatus in Constituting Friedrich Schiller as the Cultural Saint in Central Europe <\/em><\/li>\n<li>Franca Sinopoli: <em>Political and Literary Italian Icons: The Mazzini Case<\/em><\/li>\n<li>Luka Vidmar: <em>Architects Antoni Gaud\u00ed and Jo\u017ee Ple\u010dnik: Cultural and Catholic Saints? <\/em><\/li>\n<li>Mag\u00ed Sunyer: <em>Jacint Verdaguer as a Catalan Cultural Saint <\/em>(with a response from Jaume Subirana)<\/li>\n<li>Ann Rigney and Joep Leerssen:<em> Discussion and Conclusion<\/em><em>\u00a0<\/em><\/li>\n<\/ul>\n<div id='gallery-1' class='gallery galleryid-168 gallery-columns-4 gallery-size-thumbnail'><figure class='gallery-item'>\n\t\t\t<div class='gallery-icon portrait'>\n\t\t\t\t<a href='https:\/\/cultural-saints.zrc-sazu.si\/wp-content\/uploads\/2017\/09\/Amsterdam_Joep.jpg'><img loading=\"lazy\" decoding=\"async\" width=\"150\" height=\"150\" src=\"https:\/\/cultural-saints.zrc-sazu.si\/wp-content\/uploads\/2017\/09\/Amsterdam_Joep-150x150.jpg\" class=\"attachment-thumbnail size-thumbnail\" alt=\"\" aria-describedby=\"gallery-1-157\" srcset=\"https:\/\/cultural-saints.zrc-sazu.si\/wp-content\/uploads\/2017\/09\/Amsterdam_Joep-150x150.jpg 150w, https:\/\/cultural-saints.zrc-sazu.si\/wp-content\/uploads\/2017\/09\/Amsterdam_Joep-100x100.jpg 100w\" sizes=\"auto, 100vw\" \/><\/a>\n\t\t\t<\/div>\n\t\t\t\t<figcaption class='wp-caption-text gallery-caption' id='gallery-1-157'>\n\t\t\t\tJoep Leerssen, the conference host\n\t\t\t\t<\/figcaption><\/figure><figure class='gallery-item'>\n\t\t\t<div class='gallery-icon landscape'>\n\t\t\t\t<a href='https:\/\/cultural-saints.zrc-sazu.si\/wp-content\/uploads\/2017\/09\/Amsterdam_Jon-Karl.jpg'><img loading=\"lazy\" decoding=\"async\" width=\"150\" height=\"150\" src=\"https:\/\/cultural-saints.zrc-sazu.si\/wp-content\/uploads\/2017\/09\/Amsterdam_Jon-Karl-150x150.jpg\" class=\"attachment-thumbnail size-thumbnail\" alt=\"\" aria-describedby=\"gallery-1-159\" srcset=\"https:\/\/cultural-saints.zrc-sazu.si\/wp-content\/uploads\/2017\/09\/Amsterdam_Jon-Karl-150x150.jpg 150w, https:\/\/cultural-saints.zrc-sazu.si\/wp-content\/uploads\/2017\/09\/Amsterdam_Jon-Karl-100x100.jpg 100w\" sizes=\"auto, 100vw\" \/><\/a>\n\t\t\t<\/div>\n\t\t\t\t<figcaption class='wp-caption-text gallery-caption' id='gallery-1-159'>\n\t\t\t\tJ\u00f3n Karl Helgason lecturing on Icelandic cultural saints\n\t\t\t\t<\/figcaption><\/figure><figure class='gallery-item'>\n\t\t\t<div class='gallery-icon portrait'>\n\t\t\t\t<a href='https:\/\/cultural-saints.zrc-sazu.si\/wp-content\/uploads\/2017\/09\/Amsterdam_Andraz.jpg'><img loading=\"lazy\" decoding=\"async\" width=\"150\" height=\"150\" src=\"https:\/\/cultural-saints.zrc-sazu.si\/wp-content\/uploads\/2017\/09\/Amsterdam_Andraz-150x150.jpg\" class=\"attachment-thumbnail size-thumbnail\" alt=\"\" aria-describedby=\"gallery-1-161\" srcset=\"https:\/\/cultural-saints.zrc-sazu.si\/wp-content\/uploads\/2017\/09\/Amsterdam_Andraz-150x150.jpg 150w, https:\/\/cultural-saints.zrc-sazu.si\/wp-content\/uploads\/2017\/09\/Amsterdam_Andraz-100x100.jpg 100w\" sizes=\"auto, 100vw\" \/><\/a>\n\t\t\t<\/div>\n\t\t\t\t<figcaption class='wp-caption-text gallery-caption' id='gallery-1-161'>\n\t\t\t\tAndra\u017e Je\u017e beneath the Rembrandt memorial\n\t\t\t\t<\/figcaption><\/figure><figure class='gallery-item'>\n\t\t\t<div class='gallery-icon landscape'>\n\t\t\t\t<a href='https:\/\/cultural-saints.zrc-sazu.si\/wp-content\/uploads\/2017\/09\/Amsterdam_Slovenians.jpg'><img loading=\"lazy\" decoding=\"async\" width=\"150\" height=\"150\" src=\"https:\/\/cultural-saints.zrc-sazu.si\/wp-content\/uploads\/2017\/09\/Amsterdam_Slovenians-150x150.jpg\" class=\"attachment-thumbnail size-thumbnail\" alt=\"\" aria-describedby=\"gallery-1-163\" srcset=\"https:\/\/cultural-saints.zrc-sazu.si\/wp-content\/uploads\/2017\/09\/Amsterdam_Slovenians-150x150.jpg 150w, https:\/\/cultural-saints.zrc-sazu.si\/wp-content\/uploads\/2017\/09\/Amsterdam_Slovenians-100x100.jpg 100w\" sizes=\"auto, 100vw\" \/><\/a>\n\t\t\t<\/div>\n\t\t\t\t<figcaption class='wp-caption-text gallery-caption' id='gallery-1-163'>\n\t\t\t\tLuka Vidmar, Alenka Koron, Irena Samide, and Marijan Dovi\u0107 leaving the city\n\t\t\t\t<\/figcaption><\/figure>\n\t\t<\/div>\n\n<h4><em>D. <a href=\"http:\/\/csaints.zrc-sazu.si\/wp-content\/uploads\/2017\/09\/SAINTSERNiE_Final_Presentation.pdf\">D. Cultural Saints and Romantic Nationalism in Europe<\/a><\/em><\/h4>\n<p>Ljubljana, September 6, 2017; presentation of the Slovenian and European project and a round table (guest lecturer: Joep Leerssen, <em>Encyclopedia of Romantic Nationalism in Europe<\/em>)<\/p>\n<div id='gallery-2' class='gallery galleryid-168 gallery-columns-3 gallery-size-thumbnail'><figure class='gallery-item'>\n\t\t\t<div class='gallery-icon portrait'>\n\t\t\t\t<a href='https:\/\/cultural-saints.zrc-sazu.si\/wp-content\/uploads\/2017\/09\/1001.jpg'><img loading=\"lazy\" decoding=\"async\" width=\"150\" height=\"150\" src=\"https:\/\/cultural-saints.zrc-sazu.si\/wp-content\/uploads\/2017\/09\/1001-150x150.jpg\" class=\"attachment-thumbnail size-thumbnail\" alt=\"\" aria-describedby=\"gallery-2-291\" srcset=\"https:\/\/cultural-saints.zrc-sazu.si\/wp-content\/uploads\/2017\/09\/1001-150x150.jpg 150w, https:\/\/cultural-saints.zrc-sazu.si\/wp-content\/uploads\/2017\/09\/1001-100x100.jpg 100w\" sizes=\"auto, 100vw\" \/><\/a>\n\t\t\t<\/div>\n\t\t\t\t<figcaption class='wp-caption-text gallery-caption' id='gallery-2-291'>\n\t\t\t\tMarijan Dovi\u0107 presenting the website National Poets and Cultural Saints of Europe\n\t\t\t\t<\/figcaption><\/figure><figure class='gallery-item'>\n\t\t\t<div class='gallery-icon landscape'>\n\t\t\t\t<a href='https:\/\/cultural-saints.zrc-sazu.si\/wp-content\/uploads\/2017\/09\/1002.jpg'><img loading=\"lazy\" decoding=\"async\" width=\"150\" height=\"150\" src=\"https:\/\/cultural-saints.zrc-sazu.si\/wp-content\/uploads\/2017\/09\/1002-150x150.jpg\" class=\"attachment-thumbnail size-thumbnail\" alt=\"\" aria-describedby=\"gallery-2-293\" srcset=\"https:\/\/cultural-saints.zrc-sazu.si\/wp-content\/uploads\/2017\/09\/1002-150x150.jpg 150w, https:\/\/cultural-saints.zrc-sazu.si\/wp-content\/uploads\/2017\/09\/1002-100x100.jpg 100w\" sizes=\"auto, 100vw\" \/><\/a>\n\t\t\t<\/div>\n\t\t\t\t<figcaption class='wp-caption-text gallery-caption' id='gallery-2-293'>\n\t\t\t\tJoep Leerssen presenting the Encyclopedia of Romantic Nationalism in Europe\n\t\t\t\t<\/figcaption><\/figure><figure class='gallery-item'>\n\t\t\t<div class='gallery-icon landscape'>\n\t\t\t\t<a href='https:\/\/cultural-saints.zrc-sazu.si\/wp-content\/uploads\/2017\/09\/1004.jpg'><img loading=\"lazy\" decoding=\"async\" width=\"150\" height=\"150\" src=\"https:\/\/cultural-saints.zrc-sazu.si\/wp-content\/uploads\/2017\/09\/1004-150x150.jpg\" class=\"attachment-thumbnail size-thumbnail\" alt=\"\" aria-describedby=\"gallery-2-297\" srcset=\"https:\/\/cultural-saints.zrc-sazu.si\/wp-content\/uploads\/2017\/09\/1004-150x150.jpg 150w, https:\/\/cultural-saints.zrc-sazu.si\/wp-content\/uploads\/2017\/09\/1004-300x298.jpg 300w, https:\/\/cultural-saints.zrc-sazu.si\/wp-content\/uploads\/2017\/09\/1004-768x763.jpg 768w, https:\/\/cultural-saints.zrc-sazu.si\/wp-content\/uploads\/2017\/09\/1004-1024x1017.jpg 1024w, https:\/\/cultural-saints.zrc-sazu.si\/wp-content\/uploads\/2017\/09\/1004-100x100.jpg 100w, https:\/\/cultural-saints.zrc-sazu.si\/wp-content\/uploads\/2017\/09\/1004.jpg 1200w\" sizes=\"auto, 100vw\" \/><\/a>\n\t\t\t<\/div>\n\t\t\t\t<figcaption class='wp-caption-text gallery-caption' id='gallery-2-297'>\n\t\t\t\tThe project team\n\t\t\t\t<\/figcaption><\/figure><figure class='gallery-item'>\n\t\t\t<div class='gallery-icon landscape'>\n\t\t\t\t<a href='https:\/\/cultural-saints.zrc-sazu.si\/wp-content\/uploads\/2017\/09\/1003.jpg'><img loading=\"lazy\" decoding=\"async\" width=\"150\" height=\"150\" src=\"https:\/\/cultural-saints.zrc-sazu.si\/wp-content\/uploads\/2017\/09\/1003-150x150.jpg\" class=\"attachment-thumbnail size-thumbnail\" alt=\"\" aria-describedby=\"gallery-2-295\" srcset=\"https:\/\/cultural-saints.zrc-sazu.si\/wp-content\/uploads\/2017\/09\/1003-150x150.jpg 150w, https:\/\/cultural-saints.zrc-sazu.si\/wp-content\/uploads\/2017\/09\/1003-100x100.jpg 100w\" sizes=\"auto, 100vw\" \/><\/a>\n\t\t\t<\/div>\n\t\t\t\t<figcaption class='wp-caption-text gallery-caption' id='gallery-2-295'>\n\t\t\t\tAfter the presentation &#8230;\n\t\t\t\t<\/figcaption><\/figure><figure class='gallery-item'>\n\t\t\t<div class='gallery-icon landscape'>\n\t\t\t\t<a href='https:\/\/cultural-saints.zrc-sazu.si\/wp-content\/uploads\/2017\/09\/1006.jpg'><img loading=\"lazy\" decoding=\"async\" width=\"150\" height=\"150\" src=\"https:\/\/cultural-saints.zrc-sazu.si\/wp-content\/uploads\/2017\/09\/1006-150x150.jpg\" class=\"attachment-thumbnail size-thumbnail\" alt=\"\" aria-describedby=\"gallery-2-301\" srcset=\"https:\/\/cultural-saints.zrc-sazu.si\/wp-content\/uploads\/2017\/09\/1006-150x150.jpg 150w, https:\/\/cultural-saints.zrc-sazu.si\/wp-content\/uploads\/2017\/09\/1006-100x100.jpg 100w\" sizes=\"auto, 100vw\" \/><\/a>\n\t\t\t<\/div>\n\t\t\t\t<figcaption class='wp-caption-text gallery-caption' id='gallery-2-301'>\n\t\t\t\tLeerssen in an interview for the national television\n\t\t\t\t<\/figcaption><\/figure><figure class='gallery-item'>\n\t\t\t<div class='gallery-icon landscape'>\n\t\t\t\t<a href='https:\/\/cultural-saints.zrc-sazu.si\/wp-content\/uploads\/2017\/09\/1005.jpg'><img loading=\"lazy\" decoding=\"async\" width=\"150\" height=\"150\" src=\"https:\/\/cultural-saints.zrc-sazu.si\/wp-content\/uploads\/2017\/09\/1005-150x150.jpg\" class=\"attachment-thumbnail size-thumbnail\" alt=\"\" aria-describedby=\"gallery-2-299\" srcset=\"https:\/\/cultural-saints.zrc-sazu.si\/wp-content\/uploads\/2017\/09\/1005-150x150.jpg 150w, https:\/\/cultural-saints.zrc-sazu.si\/wp-content\/uploads\/2017\/09\/1005-100x100.jpg 100w\" sizes=\"auto, 100vw\" \/><\/a>\n\t\t\t<\/div>\n\t\t\t\t<figcaption class='wp-caption-text gallery-caption' id='gallery-2-299'>\n\t\t\t\tSelfie with Pre\u0161eren\n\t\t\t\t<\/figcaption><\/figure>\n\t\t<\/div>\n\n","protected":false},"excerpt":{"rendered":"<p>A. Kulturni svetniki in kanonizacija: slovenski in evropski kontekst [Cultural Saints and Canonization: Slovenian and European Context] Ljubljana, May 14\u201315, 2015; Slovenian conference (22 participants, organized by ZRC SAZU) Marijan Dovi\u0107: O kulturnih svetnikih in kanonizaciji (uvod) Miran \u0160peli\u010d: Kanonizacijski postopki v Cerkvi v preteklosti in danes David Movrin: Evropska hagiografija med Bogom in narodom &hellip; <\/p>\n<p class=\"link-more\"><a href=\"https:\/\/cultural-saints.zrc-sazu.si\/en\/events\/\" class=\"more-link\">Continue reading<span class=\"screen-reader-text\"> &#8220;Events&#8221;<\/span><\/a><\/p>\n","protected":false},"author":1,"featured_media":280,"parent":0,"menu_order":0,"comment_status":"closed","ping_status":"closed","template":"","meta":{"footnotes":""},"class_list":["post-168","page","type-page","status-publish","has-post-thumbnail","hentry"],"_links":{"self":[{"href":"https:\/\/cultural-saints.zrc-sazu.si\/en\/wp-json\/wp\/v2\/pages\/168","targetHints":{"allow":["GET"]}}],"collection":[{"href":"https:\/\/cultural-saints.zrc-sazu.si\/en\/wp-json\/wp\/v2\/pages"}],"about":[{"href":"https:\/\/cultural-saints.zrc-sazu.si\/en\/wp-json\/wp\/v2\/types\/page"}],"author":[{"embeddable":true,"href":"https:\/\/cultural-saints.zrc-sazu.si\/en\/wp-json\/wp\/v2\/users\/1"}],"replies":[{"embeddable":true,"href":"https:\/\/cultural-saints.zrc-sazu.si\/en\/wp-json\/wp\/v2\/comments?post=168"}],"version-history":[{"count":6,"href":"https:\/\/cultural-saints.zrc-sazu.si\/en\/wp-json\/wp\/v2\/pages\/168\/revisions"}],"predecessor-version":[{"id":303,"href":"https:\/\/cultural-saints.zrc-sazu.si\/en\/wp-json\/wp\/v2\/pages\/168\/revisions\/303"}],"wp:featuredmedia":[{"embeddable":true,"href":"https:\/\/cultural-saints.zrc-sazu.si\/en\/wp-json\/wp\/v2\/media\/280"}],"wp:attachment":[{"href":"https:\/\/cultural-saints.zrc-sazu.si\/en\/wp-json\/wp\/v2\/media?parent=168"}],"curies":[{"name":"wp","href":"https:\/\/api.w.org\/{rel}","templated":true}]}}