{"id":146,"date":"2017-09-04T19:35:12","date_gmt":"2017-09-04T18:35:12","guid":{"rendered":"http:\/\/csaints.zrc-sazu.si\/?page_id=146"},"modified":"2017-09-04T19:35:12","modified_gmt":"2017-09-04T18:35:12","slug":"the-team","status":"publish","type":"page","link":"https:\/\/cultural-saints.zrc-sazu.si\/en\/the-team\/","title":{"rendered":"The Team"},"content":{"rendered":"<p>A. THE RESEARCH TEAM<\/p>\n<p>Institute of Slovenian Literature and Literary Studies, ZRC SAZU<\/p>\n<ul>\n<li><a href=\"http:\/\/isllv.zrc-sazu.si\/en\/sodelavci\/marijan-dovic-en\">Marijan Dovi\u0107<\/a>, principal investigator<\/li>\n<li><a href=\"http:\/\/isllv.zrc-sazu.si\/en\/sodelavci\/monika-dezelak-trojar-en\">Monika De\u017eelak Trojar<\/a><\/li>\n<li><a href=\"http:\/\/isllv.zrc-sazu.si\/en\/sodelavci\/jernej-habjan-en\">Jernej Habjan<\/a><\/li>\n<li><a href=\"http:\/\/isllv.zrc-sazu.si\/en\/sodelavci\/andraz-jez-en\">Andra\u017e Je\u017e<\/a><\/li>\n<li><a href=\"http:\/\/isllv.zrc-sazu.si\/en\/sodelavci\/marko-juvan-en\">Marko Juvan<\/a><\/li>\n<li><a href=\"http:\/\/isllv.zrc-sazu.si\/en\/sodelavci\/alenka-koron-en\">Alenka Koron<\/a><\/li>\n<li><a href=\"http:\/\/isllv.zrc-sazu.si\/en\/sodelavci\/jola-skulj-en\">Jola \u0160kulj<\/a><\/li>\n<li><a href=\"http:\/\/isllv.zrc-sazu.si\/en\/sodelavci\/luka-vidmar-en\">Luka Vidmar<\/a><\/li>\n<\/ul>\n<p>Faculty of Arts, University of Ljubljana<\/p>\n<ul>\n<li><a href=\"http:\/\/etnologija.etnoinfolab.org\/en\/informacija.asp?id_meta_type=72&amp;id_informacija=290\">Bojan Baskar<\/a>, Department of Ethnology and Cultural Anthropology<\/li>\n<li><a href=\"http:\/\/www.slov.si\/ucitelji\/urska-perenic\/\">Ur\u0161ka Pereni\u010d<\/a>, Department of Slovenian Studies<\/li>\n<li><a href=\"http:\/\/germanistika.si\/sl\/osebje\/pedagoski-delavci\/42-irena-samide\">Irena Samide<\/a>, Department of German, Dutch, and Swedish Studies<\/li>\n<\/ul>\n<p>B. (UNOFFICIAL) PARTNER RESEARCHERS<\/p>\n<ul>\n<li><a href=\"http:\/\/starfsfolk.hi.is\/en\/simaskra\/1764\">J\u00f3n Karl Helgason<\/a>, University of Iceland<\/li>\n<li><a href=\"http:\/\/www.uva.nl\/profiel\/l\/e\/j.t.leerssen\/j.t.leerssen.html\">Joep Leerssen<\/a>, University of Amsterdam<\/li>\n<li>International respondents to the <a href=\"http:\/\/csaints.zrc-sazu.si\/wp-content\/uploads\/2017\/09\/00_QUESTIONNAIRE_Sample.pdf\">Questionnaire<\/a><\/li>\n<li>Authors of Slovenia-related encyclopedia entries to <a href=\"http:\/\/romanticnationalism.net\/viewer.p\/21\"><em>ERNiE<\/em><\/a><\/li>\n<\/ul>\n<p>&nbsp;<\/p>\n","protected":false},"excerpt":{"rendered":"<p>A. THE RESEARCH TEAM Institute of Slovenian Literature and Literary Studies, ZRC SAZU Marijan Dovi\u0107, principal investigator Monika De\u017eelak Trojar Jernej Habjan Andra\u017e Je\u017e Marko Juvan Alenka Koron Jola \u0160kulj Luka Vidmar Faculty of Arts, University of Ljubljana Bojan Baskar, Department of Ethnology and Cultural Anthropology Ur\u0161ka Pereni\u010d, Department of Slovenian Studies Irena Samide, Department &hellip; <\/p>\n<p class=\"link-more\"><a href=\"https:\/\/cultural-saints.zrc-sazu.si\/en\/the-team\/\" class=\"more-link\">Continue reading<span class=\"screen-reader-text\"> &#8220;The Team&#8221;<\/span><\/a><\/p>\n","protected":false},"author":1,"featured_media":284,"parent":0,"menu_order":0,"comment_status":"closed","ping_status":"closed","template":"","meta":{"footnotes":""},"class_list":["post-146","page","type-page","status-publish","has-post-thumbnail","hentry"],"_links":{"self":[{"href":"https:\/\/cultural-saints.zrc-sazu.si\/en\/wp-json\/wp\/v2\/pages\/146","targetHints":{"allow":["GET"]}}],"collection":[{"href":"https:\/\/cultural-saints.zrc-sazu.si\/en\/wp-json\/wp\/v2\/pages"}],"about":[{"href":"https:\/\/cultural-saints.zrc-sazu.si\/en\/wp-json\/wp\/v2\/types\/page"}],"author":[{"embeddable":true,"href":"https:\/\/cultural-saints.zrc-sazu.si\/en\/wp-json\/wp\/v2\/users\/1"}],"replies":[{"embeddable":true,"href":"https:\/\/cultural-saints.zrc-sazu.si\/en\/wp-json\/wp\/v2\/comments?post=146"}],"version-history":[{"count":1,"href":"https:\/\/cultural-saints.zrc-sazu.si\/en\/wp-json\/wp\/v2\/pages\/146\/revisions"}],"predecessor-version":[{"id":147,"href":"https:\/\/cultural-saints.zrc-sazu.si\/en\/wp-json\/wp\/v2\/pages\/146\/revisions\/147"}],"wp:featuredmedia":[{"embeddable":true,"href":"https:\/\/cultural-saints.zrc-sazu.si\/en\/wp-json\/wp\/v2\/media\/284"}],"wp:attachment":[{"href":"https:\/\/cultural-saints.zrc-sazu.si\/en\/wp-json\/wp\/v2\/media?parent=146"}],"curies":[{"name":"wp","href":"https:\/\/api.w.org\/{rel}","templated":true}]}}