{"id":138,"date":"2017-09-04T19:14:15","date_gmt":"2017-09-04T18:14:15","guid":{"rendered":"http:\/\/csaints.zrc-sazu.si\/?page_id=138"},"modified":"2018-03-15T12:53:55","modified_gmt":"2018-03-15T11:53:55","slug":"the-project","status":"publish","type":"page","link":"https:\/\/cultural-saints.zrc-sazu.si\/en\/the-project\/","title":{"rendered":"The Project"},"content":{"rendered":"<p>The research project \u201cNational Poets and Cultural Saints of Europe: Commemorative Cults, Canonization, and Cultural Memory\u201d (J6-6486; October 1, 2014 \u2013 September 30, 2017) was funded by the Slovenian Research Agency (ARRS). The project team was headed by Marijan Dovi\u0107 and included eleven researchers (eight from the Research Centre of the Slovenian Academy of Sciences and Arts [ZRC SAZU], three from University of Ljubljana).<\/p>\n<h3>SUMMARY<\/h3>\n<p>The project examines a hitherto poorly researched area. It uses a comparative approach to identify and describe the patterns of commemoration and canonization of national poets and other artists as a specific set of practices that spread across Europe like a wave, starting especially in the 1840s in the context of cultural nationalism. These practices are studied on the basis of the expanded concept of canonization (in addition to textual practices such as critical edition, exegesis, appropriation, and indoctrination, the concept also includes ritual practices, the use of relics, monumental networks, the role of the educational apparatus, etc.) and treated in the context of the establishment of new imagined communities and their (collective) cultural memory. In this way, the project seeks to reappraise the role of continuous veneration of chosen representatives in the process of forming European nations\u2014especially smaller ones, where the emphasis on literature and language was even greater. At the same time, the project strives to demonstrate that the effectiveness of this formation is more easily explained if one takes in account the elements that bring national movements into the vicinity of religious practices. Through an interdisciplinary and international combination of literary studies with other disciplines, the project seeks to permanently contribute to a better understanding of the underlying structures that still define the relationships and tensions between modern societies in Europe.<\/p>\n<p>The primary goals of the project include refinement of the prevailing concepts in the relevant field of literary studies (national poets, cultural saints, the canon and canonization, commemorative cults, etc.) and subsequent construction of a basic model of the study of canonization in the broader cultural context. This theoretical and methodological framework is critically tested by a number of diverse case studies. The main focus remains on the canonization of national poets, with case studies spanning from Russia (Alexander Pushkin) to Portugal (Lu\u00eds de Cam\u00f5es) and from Greece (Dionysios Solomos) to Iceland (J\u00f3nas Hallgr<em>\u00ed<\/em>msson). This broad European panorama is also presented in the form of a bilingual (English and Slovenian) website devoted to <em>National Poets and Cultural Saints of Europe<\/em>. A number of articles and book chapters are devoted to individual examples from \u201csmall nations\u201d; for instance, to the Czech national poet Karel H. M\u00e1cha, the Bulgarian national poet and revolutionary Hristo Botev, and the Montenegrin national poet and clerical and secular ruler Petar II Petrovi\u0107-Njego\u0161. To offer a comparative contrast, individual studies deal with some of the most prominent figures of \u201cmajor literatures\u201d that were crucial for the dissemination of models of commemorative cults throughout Europe (William Shakespeare, Friedrich Schiller, etc.), and several cases of other artists that were the subject of veneration in the context of cultural nationalism. Special attention is given to the canonization of the Slovenian poet France Pre\u0161eren, which represents a complex case even in the broader European context.<\/p>\n<h3>KEYWORDS<\/h3>\n<p>national poets, cultural saints, literature, nation-building, cultural nationalism, commemorative cults, literary canon, canonization, cultural memory, memorials, Europe<\/p>\n<h3>SCHOLARLY BACKGROUND<\/h3>\n<p>The project \u201cNational Poets and Cultural Saints of Europe\u201d uses comparative approaches to strengthen and synthesize the existing partial studies of the patterns of commemoration and canonization of national poets and other artists throughout Europe. The project addresses various cultural figures that were objects of veneration (usually posthumously) in the context of nineteenth-century national movements; in the process of canonization, these figures became representatives of their respective national cultures and can in many respects thus be included within the concept of \u201ccultural saints.\u201d Due to the prevalent fetishism of linguistic practices in the matrix of cultural nationalism, the most prominent figures were \u201cmen of letters,\u201d especially poets, but often also composers, painters, and even linguists. Particularly marked was the canonization of \u201cnational poets\u201d (from J\u00f3nas Hallgr\u00edmsson and Robert Burns to Hristo Botev and Dionysios Solomos, and from Lu\u00eds de Cam\u00f5es and Miguel de Cervantes to Adam Mickiewicz and Alexander Pushkin). Although these figures lived in different periods, they all became objects of commemorative cults in the second half of the nineteenth century, and in all cases the process of their canonization continues to the present day.<\/p>\n<p>In national scholarly traditions, these figures are thoroughly researched in terms of biography, \u0153uvre, influence, etc.; the corresponding corpus of studies is often excessively large (consider Shakespeare studies, Pre\u0161eren studies, M\u00e1cha studies, Pushkin studies, etc.). While these rigorous scholarly traditions are themselves important elements of the process of canonization, this process itself is poorly researched even in the case of hypercanonical figures of international stature; usually, the data is accessible in national languages only. Nonetheless, the material that is available makes it possible to develop the necessary methodological and analytical tools, including a model of canonization. This model strives to improve the prevailing text-oriented views of the canon and to enrich them with findings and approaches of anthropology and cultural studies as well as with contemporary re-conceptualizations of textuality itself. This expansion highlights areas that have often been neglected: ritual practices, the use of relics, memorial sites, the school apparatus, the political aspects of the canon, etc.<\/p>\n<h3>RESEARCH PROBLEMS<\/h3>\n<ol>\n<li><em>National poets and cultural saints \u2013 theoretical foundation:<\/em>\n<ol>\n<li>a definition of \u201cnational poets\u201d and \u201ccultural saints\u201d;<\/li>\n<li>a delimitation of religious and (secular) cultural aspects of canonization;<\/li>\n<li>an assessment of the role of cultural saints in the (re)production of cultural memory in the context of the \u201cimagining\u201d of European nations, with special emphasis on the differences between ethnic groups with and without a nation-state (verification of the hypothesis about the specific importance of cultural saints for ethnic groups without a nation-state).<\/li>\n<\/ol>\n<\/li>\n<li><em>Canon and canonization \u2013 theoretical foundation:<\/em>\n<ol>\n<li>a systematization of the concept of \u201ccanonization\u201d in a broad cultural context;<\/li>\n<li>an examination of individual elements of the canonization model;<\/li>\n<li>a verification of hypotheses concerning the special importance of certain aspects of canonization (memorial sites, school apparatus, intertextuality, ideological appropriation).<\/li>\n<\/ol>\n<\/li>\n<li><em>Canonization of national poets and other cultural saints \u2013 a comparative perspective:<\/em>\n<ol>\n<li>identification and description of the structural patterns of canonization (based on empirical material from 1840 onwards);<\/li>\n<li>a typology of different models of canonization;<\/li>\n<li>analyses of liminal and hybrid cases.<\/li>\n<\/ol>\n<\/li>\n<li><em>The canonization of France Pre\u0161eren in the Slovenian and European contexts \u2013 a case study:<\/em>\n<ol>\n<li>an investigation into the relations between Pre\u0161eren and his \u201crivals\u201d (Vodnik, Koseski) as well as \u201cantitheses\u201d (Vraz), and between the (cultural) canonization of Pre\u0161eren and the (religious) canonization of Slom\u0161ek;<\/li>\n<li>a reappraisal of the prevailing scholarly and journalistic theses on Pre\u0161eren (such as those about the \u201cPre\u0161eren structure\u201d and the \u201cSlovenian cultural syndrome\u201d);<\/li>\n<li>a contextualization of Pre\u0161eren in relation to other national poets (particularly those of so-called small nations).<\/li>\n<\/ol>\n<\/li>\n<\/ol>\n<h3>OBJECTIVES, METHODS, AND EXPECTED RESULTS<\/h3>\n<p>The principal objectives of the project are:<\/p>\n<ul>\n<li>A multilevel theoretical model of canonization (survey article, several research articles);<\/li>\n<li>A theoretical concept of cultural saints (several research articles and\/or book chapters);<\/li>\n<li>A comparative overview of canonization of national poets and other artists in Europe (from Iceland to Bulgaria, and from Portugal to Russia) from the mid-nineteenth century to the present (an English book and several research articles and\/or book chapters);<\/li>\n<li>A detailed study of the canonization of France Pre\u0161eren as a paradigmatic case in the Slavic and central European context, including a comprehensive study of material memorial culture employing GIS mapping (a Slovenian conference, a Slovenian book, and several research articles and\/or book chapters);<\/li>\n<li>A platform for international exchange in the study of national poets and cultural saints (international conference, website);<\/li>\n<li>Scholarly presentation of Slovenian literary culture in the <em>Encyclopedia<\/em> <em>of<\/em> <em>Romantic<\/em> <em>Nationalism in Europe<\/em> (54 entries).<\/li>\n<\/ul>\n<p>Methodologically, this interdisciplinary and comparative project combines methods of literary studies (theoretical conceptualization, textual analysis, textual criticism, and comparative synthesis) with analytical tools of historiography, cultural and art history, anthropology, and geography (GIS-mapping).<\/p>\n<p>The results of the project are presented in the form of the following deliverables:<\/p>\n<ul>\n<li>Individual research articles and\/or book chapters in Slovenian and international academic journals and scholarly books;<\/li>\n<li>A Slovenian conference on canonization and cultural saints (in Ljubljana, 2015);<\/li>\n<li>A thematic panel on European national poets (in Galway, August 2015);<\/li>\n<li>An international workshop on cultural saints (in Amsterdam, November 2015)<\/li>\n<li>A Slovenian book with 20 contributions, edited by the principal investigator (ZRC SAZU, 2016)<\/li>\n<li>A thematic section of <em>Arcadia<\/em>, edited by the principal investigator (2017)<\/li>\n<li>An English book, co-authored by the principal investigator and J\u00f3n Karl Helgason (Brill, 2017);<\/li>\n<li>A Slovenian book on France Pre\u0161eren by the principal investigator (LUD Literatura, 2017);<\/li>\n<li>A bilingual (Slovenian-English) website <em>National Poets and Cultural Saints of Europe<\/em>;<\/li>\n<li>The entries on representative individuals (20 entries), trends (21 entries), and institutions (13 entries) of Slovenian literary culture, for the <em>Encyclopedia<\/em> <em>of<\/em> <em>Romantic<\/em> <em>Nationalism in Europe<\/em> (ERNiE).<\/li>\n<\/ul>\n<h3>THE RELEVANCE OF THE PROJECT<\/h3>\n<p>The relevance of the proposed project can be demonstrated at several levels. In the strictly scholarly sense, it is distinguished by its innovative interaction of findings and approaches of traditionally rather disparate sections of the humanities; this interaction opens a new perspective on a series of historical phenomena that have played a vital role in European cultural and political history (particularly in the nation-building period). Based on a theoretical delineation of the object of study, the project seeks to introduce novel concepts into international scholarly communication and thereby enhance the impact of the Slovenian researchers and institutions associated with it. In a broader social sense, too, the relevance of the project can be observed at both the Slovenian and European levels. In Slovenia, the proposed study of the canonization of Pre\u0161eren can help overcome certain stereotypical self-descriptions (such as those of the \u201cSlovenian cultural syndrome\u201d and the \u201cPre\u0161eren structure\u201d), and at the European level a number of developments in the twenty-first century (including the current Ukrainian crisis) have clearly shown that nationalisms are by no means a mere historical problem of the distant \u201clong nineteenth century.\u201d<\/p>\n<p>&nbsp;<\/p>\n<p><a href=\"https:\/\/www.arrs.gov.si\/en\/http:\/\/\" target=\"_blank\" rel=\"noopener\"><img loading=\"lazy\" decoding=\"async\" class=\"alignnone wp-image-359 size-medium\" src=\"http:\/\/cultural-saints.zrc-sazu.si\/wp-content\/uploads\/2017\/09\/ARRSLogo_2016_ang-300x162.png\" alt=\"Slovenian Research Agency (ARRS)\" width=\"300\" height=\"162\" srcset=\"https:\/\/cultural-saints.zrc-sazu.si\/wp-content\/uploads\/2017\/09\/ARRSLogo_2016_ang-300x162.png 300w, https:\/\/cultural-saints.zrc-sazu.si\/wp-content\/uploads\/2017\/09\/ARRSLogo_2016_ang.png 400w\" sizes=\"auto, (max-width: 300px) 100vw, 300px\" \/><\/a><\/p>\n","protected":false},"excerpt":{"rendered":"<p>The research project \u201cNational Poets and Cultural Saints of Europe: Commemorative Cults, Canonization, and Cultural Memory\u201d (J6-6486; October 1, 2014 \u2013 September 30, 2017) was funded by the Slovenian Research Agency (ARRS). The project team was headed by Marijan Dovi\u0107 and included eleven researchers (eight from the Research Centre of the Slovenian Academy of Sciences &hellip; <\/p>\n<p class=\"link-more\"><a href=\"https:\/\/cultural-saints.zrc-sazu.si\/en\/the-project\/\" class=\"more-link\">Continue reading<span class=\"screen-reader-text\"> &#8220;The Project&#8221;<\/span><\/a><\/p>\n","protected":false},"author":1,"featured_media":132,"parent":0,"menu_order":0,"comment_status":"closed","ping_status":"closed","template":"","meta":{"footnotes":""},"class_list":["post-138","page","type-page","status-publish","has-post-thumbnail","hentry"],"_links":{"self":[{"href":"https:\/\/cultural-saints.zrc-sazu.si\/en\/wp-json\/wp\/v2\/pages\/138","targetHints":{"allow":["GET"]}}],"collection":[{"href":"https:\/\/cultural-saints.zrc-sazu.si\/en\/wp-json\/wp\/v2\/pages"}],"about":[{"href":"https:\/\/cultural-saints.zrc-sazu.si\/en\/wp-json\/wp\/v2\/types\/page"}],"author":[{"embeddable":true,"href":"https:\/\/cultural-saints.zrc-sazu.si\/en\/wp-json\/wp\/v2\/users\/1"}],"replies":[{"embeddable":true,"href":"https:\/\/cultural-saints.zrc-sazu.si\/en\/wp-json\/wp\/v2\/comments?post=138"}],"version-history":[{"count":4,"href":"https:\/\/cultural-saints.zrc-sazu.si\/en\/wp-json\/wp\/v2\/pages\/138\/revisions"}],"predecessor-version":[{"id":362,"href":"https:\/\/cultural-saints.zrc-sazu.si\/en\/wp-json\/wp\/v2\/pages\/138\/revisions\/362"}],"wp:featuredmedia":[{"embeddable":true,"href":"https:\/\/cultural-saints.zrc-sazu.si\/en\/wp-json\/wp\/v2\/media\/132"}],"wp:attachment":[{"href":"https:\/\/cultural-saints.zrc-sazu.si\/en\/wp-json\/wp\/v2\/media?parent=138"}],"curies":[{"name":"wp","href":"https:\/\/api.w.org\/{rel}","templated":true}]}}